{"id":3,"date":"2025-11-11T14:48:16","date_gmt":"2025-11-11T14:48:16","guid":{"rendered":"https:\/\/quintadascarvalhas.pt\/?page_id=3"},"modified":"2025-11-24T12:39:28","modified_gmt":"2025-11-24T12:39:28","slug":"politica-de-privacidade","status":"publish","type":"page","link":"https:\/\/quintadascarvalhas.pt\/en\/politica-de-privacidade\/","title":{"rendered":"Privacy Policy"},"content":{"rendered":"<h1 class=\"wp-block-heading\">Pol\u00edtica de Privacidade e Cookies<\/h1>\r\n<p>Os seus dados pessoais ser\u00e3o tratados na qualidade de cotitulares do tratamento pelas seguintes sociedades:<br \/>\u2022 Companhia Geral da Agricultura das Vinhas do Alto Douro, S.A., com sede na Rua Azevedo de Magalh\u00e3es, n.\u00ba 314, 4430-022 Vila Nova de Gaia,<br \/>\u2022 Real Companhia Velha \u2013 Atividades Tur\u00edsticas, Lda., com sede na Rua Azevedo de Magalh\u00e3es, n.\u00ba 314, 4430-022 Vila Nova de Gaia,doravante RCV.<\/p>\r\n<h2 class=\"heading-6\">Pol\u00edtica de Cookies<\/h2>\r\n<h3 class=\"heading-6-copy\">O que \u00e9 uma cookie?<\/h3>\r\n<p>Consiste num ficheiro que \u00e9 importado para o seu computador ou para outro dispositivo quando acede a determinadas p\u00e1ginas web que recolhem informa\u00e7\u00f5es acerca da sua navega\u00e7\u00e3o nas referidas p\u00e1ginas web. Em alguns casos, os cookies s\u00e3o necess\u00e1rios para facilitar a navega\u00e7\u00e3o e permitem guardar e recuperar informa\u00e7\u00f5es acerca dos h\u00e1bitos de navega\u00e7\u00e3o de um utilizador ou do seu equipamento, entre outros e, consoante a informa\u00e7\u00e3o que contenham e a forma como utiliza o seu equipamento, podem ser usados para reconhecer o utilizador.<\/p>\r\n<h3 class=\"heading-6-copy\">Identifica\u00e7\u00e3o dos cookies utilizados<\/h3>\r\n<p>Os cookies utilizados nesta p\u00e1gina web podem ser classificados da seguinte forma:<br \/><strong><br \/>Cookies pr\u00f3prios:<\/strong>\u00a0S\u00e3o aqueles que s\u00e3o enviados para o equipamento terminal do utilizador a partir de um equipamento ou dom\u00ednio gerido pelo pr\u00f3prio editor e a partir do qual se presta o servi\u00e7o solicitado pelo utilizador.<br \/><br \/>\u200d<strong>Cookies de terceiros:<\/strong>\u00a0S\u00e3o aqueles que s\u00e3o enviados para o equipamento terminal do utilizador a partir de um equipamento ou dom\u00ednio que n\u00e3o \u00e9 gerido pelo editor, mas sim por outra entidade que trata os dados recolhidos atrav\u00e9s dos cookies.<br \/><br \/>\u200d<strong>Cookies de sess\u00e3o:<\/strong>\u00a0Recolhem e guardam dados quando o utilizador acede a uma p\u00e1gina web.<br \/><br \/>\u200d<strong>Cookies persistentes:<\/strong>\u00a0Guardam os dados no terminal de forma a estes poderem ser acedidos e tratados durante um per\u00edodo definido pelo respons\u00e1vel do cookie \u2013 desde alguns minutos a v\u00e1rios anos.<br \/><br \/>\u200d<strong>Cookies t\u00e9cnicos:<\/strong>\u00a0Permitem ao utilizador a navega\u00e7\u00e3o atrav\u00e9s de uma p\u00e1gina web, plataforma ou aplica\u00e7\u00e3o e a utiliza\u00e7\u00e3o das diferentes op\u00e7\u00f5es ou servi\u00e7os que nelas existam.<br \/><br \/>\u200d<strong>Cookies de personaliza\u00e7\u00e3o:<\/strong>\u00a0Permitem ao utilizador aceder ao servi\u00e7o com algumas caracter\u00edsticas de car\u00e1cter geral pr\u00e9-definidas em fun\u00e7\u00e3o de uma s\u00e9rie de crit\u00e9rios no terminal do utilizador, como por exemplo o idioma, o tipo de navegador atrav\u00e9s do qual acede ao servi\u00e7o, a configura\u00e7\u00e3o regional do local a partir do qual acede ao servi\u00e7o, etc.<br \/><br \/><strong>Cookies de an\u00e1lise:<\/strong>\u00a0Permitem ao respons\u00e1vel dos mesmos, o acompanhamento e an\u00e1lise do comportamento dos utilizadores dos websites aos quais est\u00e3o vinculados. A informa\u00e7\u00e3o recolhida atrav\u00e9s deste tipo de cookies \u00e9 utilizada na medi\u00e7\u00e3o da atividade dos websites, aplica\u00e7\u00e3o ou plataforma e na elabora\u00e7\u00e3o de perfis de navega\u00e7\u00e3o dos utilizadores dos referidos sites, aplica\u00e7\u00f5es e plataformas, com o objetivo de introduzir melhorias na fun\u00e7\u00e3o de an\u00e1lise dos dados de utiliza\u00e7\u00e3o dos utilizadores do servi\u00e7o.<br \/><br \/>Para saber quais os cookies guardados pelo seu browser, poder\u00e1 utilizar as ferramentas dispon\u00edveis no seu browser ou consultar https:\/\/www.wikihow.com\/View-Cookies.<br \/><br \/>\u2022\u00a0<strong>Internet Explorer:<\/strong>\u00a0Ferramentas -&gt; Op\u00e7\u00f5es de Internet -&gt; Geral -&gt; Defini\u00e7\u00f5es (Hist\u00f3rico) -&gt; Ver ficheiros para mais informa\u00e7\u00f5es, pode consultar o suporte da Microsoft ou a Ajuda do navegador.<br \/>\u2022\u00a0<strong>Firefox:<\/strong>\u00a0Menu -&gt; Prefer\u00eancias -&gt; Privacidade e Seguran\u00e7a -&gt; Hist\u00f3rico (defini\u00e7\u00f5es personalizadas) -&gt; Mostrar cookies -&gt; Expandir linha com website pretendido para ver cookies desse website.<br \/>\u2022\u00a0<strong>Chrome:<\/strong>\u00a0Prefer\u00eancias -&gt; Avan\u00e7adas -&gt; Defini\u00e7\u00f5es de conte\u00fado -&gt; Cookies -&gt; Todos os cookies e dados de sites. Para mais informa\u00e7\u00f5es, pode consultar o centro de ajuda do Google ou a Ajuda do navegador.<br \/>\u2022\u00a0<strong>Safari:<\/strong>\u00a0Prefer\u00eancias -&gt; Privacidade -&gt; Gerir dados dos sites. Para mais informa\u00e7\u00f5es, pode consultar o suporte da Apple ou a Ajuda do navegador.<\/p>\r\n<h3 class=\"heading-6-copy\">Bot\u00f5es para redes sociais<\/h3>\r\n<p>Utilizamos bot\u00f5es para redes sociais para permitir aos nossos utilizadores partilharem p\u00e1ginas web ou selecionarem-nas como favoritas. Tratam-se de bot\u00f5es para websites de redes sociais externas. Estes sites podem registar a informa\u00e7\u00e3o relativa \u00e0s suas atividades na Internet, incluindo o nosso website. Pode analisar as condi\u00e7\u00f5es de utiliza\u00e7\u00e3o e as pol\u00edticas de privacidade destes websites para saber exatamente como estes utilizam a informa\u00e7\u00e3o e para saber como pode eliminar ou apagar a referida informa\u00e7\u00e3o.<\/p>","protected":false},"excerpt":{"rendered":"<p>Pol\u00edtica de Privacidade e Cookies Os seus dados pessoais ser\u00e3o tratados na qualidade de cotitulares do tratamento pelas seguintes sociedades:\u2022 Companhia Geral da Agricultura das Vinhas do Alto Douro, S.A., com sede na Rua Azevedo de Magalh\u00e3es, n.\u00ba 314, 4430-022 Vila Nova de Gaia,\u2022 Real Companhia Velha \u2013 Atividades Tur\u00edsticas, Lda., com sede na Rua [&hellip;]<\/p>\n","protected":false},"author":1,"featured_media":0,"parent":0,"menu_order":0,"comment_status":"closed","ping_status":"closed","template":"","meta":{"footnotes":""},"class_list":["post-3","page","type-page","status-publish","hentry"],"yoast_head":"<!-- This site is optimized with the Yoast SEO plugin v27.0 - https:\/\/yoast.com\/product\/yoast-seo-wordpress\/ -->\n<title>Pol\u00edtica de Privacidade - Quinta das Carvalhas<\/title>\n<meta name=\"robots\" content=\"index, follow, max-snippet:-1, max-image-preview:large, max-video-preview:-1\" \/>\n<link rel=\"canonical\" href=\"https:\/\/quintadascarvalhas.pt\/en\/politica-de-privacidade\/\" \/>\n<meta property=\"og:locale\" content=\"en_US\" \/>\n<meta property=\"og:type\" content=\"article\" \/>\n<meta property=\"og:title\" content=\"Pol\u00edtica de Privacidade - Quinta das Carvalhas\" \/>\n<meta property=\"og:description\" content=\"Pol\u00edtica de Privacidade e Cookies Os seus dados pessoais ser\u00e3o tratados na qualidade de cotitulares do tratamento pelas seguintes sociedades:\u2022 Companhia Geral da Agricultura das Vinhas do Alto Douro, S.A., com sede na Rua Azevedo de Magalh\u00e3es, n.\u00ba 314, 4430-022 Vila Nova de Gaia,\u2022 Real Companhia Velha \u2013 Atividades Tur\u00edsticas, Lda., com sede na Rua [&hellip;]\" \/>\n<meta property=\"og:url\" content=\"https:\/\/quintadascarvalhas.pt\/en\/politica-de-privacidade\/\" \/>\n<meta property=\"og:site_name\" content=\"Quinta das Carvalhas\" \/>\n<meta property=\"article:publisher\" content=\"https:\/\/www.facebook.com\/quintadascarvalhasdouro\/\" \/>\n<meta property=\"article:modified_time\" content=\"2025-11-24T12:39:28+00:00\" \/>\n<meta name=\"twitter:card\" content=\"summary_large_image\" \/>\n<meta name=\"twitter:label1\" content=\"Est. reading time\" \/>\n\t<meta name=\"twitter:data1\" content=\"4 minutes\" \/>\n<script type=\"application\/ld+json\" class=\"yoast-schema-graph\">{\"@context\":\"https:\/\/schema.org\",\"@graph\":[{\"@type\":\"WebPage\",\"@id\":\"https:\/\/quintadascarvalhas.pt\/politica-de-privacidade\/\",\"url\":\"https:\/\/quintadascarvalhas.pt\/politica-de-privacidade\/\",\"name\":\"Pol\u00edtica de Privacidade - Quinta das Carvalhas\",\"isPartOf\":{\"@id\":\"https:\/\/quintadascarvalhas.pt\/#website\"},\"datePublished\":\"2025-11-11T14:48:16+00:00\",\"dateModified\":\"2025-11-24T12:39:28+00:00\",\"breadcrumb\":{\"@id\":\"https:\/\/quintadascarvalhas.pt\/politica-de-privacidade\/#breadcrumb\"},\"inLanguage\":\"en-US\",\"potentialAction\":[{\"@type\":\"ReadAction\",\"target\":[\"https:\/\/quintadascarvalhas.pt\/politica-de-privacidade\/\"]}]},{\"@type\":\"BreadcrumbList\",\"@id\":\"https:\/\/quintadascarvalhas.pt\/politica-de-privacidade\/#breadcrumb\",\"itemListElement\":[{\"@type\":\"ListItem\",\"position\":1,\"name\":\"In\u00edcio\",\"item\":\"https:\/\/quintadascarvalhas.pt\/\"},{\"@type\":\"ListItem\",\"position\":2,\"name\":\"Pol\u00edtica de Privacidade\"}]},{\"@type\":\"WebSite\",\"@id\":\"https:\/\/quintadascarvalhas.pt\/#website\",\"url\":\"https:\/\/quintadascarvalhas.pt\/\",\"name\":\"Quinta das Carvalhas\",\"description\":\"\",\"publisher\":{\"@id\":\"https:\/\/quintadascarvalhas.pt\/#organization\"},\"potentialAction\":[{\"@type\":\"SearchAction\",\"target\":{\"@type\":\"EntryPoint\",\"urlTemplate\":\"https:\/\/quintadascarvalhas.pt\/?s={search_term_string}\"},\"query-input\":{\"@type\":\"PropertyValueSpecification\",\"valueRequired\":true,\"valueName\":\"search_term_string\"}}],\"inLanguage\":\"en-US\"},{\"@type\":\"Organization\",\"@id\":\"https:\/\/quintadascarvalhas.pt\/#organization\",\"name\":\"Quinta das Carvalhas\",\"url\":\"https:\/\/quintadascarvalhas.pt\/\",\"logo\":{\"@type\":\"ImageObject\",\"inLanguage\":\"en-US\",\"@id\":\"https:\/\/quintadascarvalhas.pt\/#\/schema\/logo\/image\/\",\"url\":\"https:\/\/quintadascarvalhas.pt\/wp-content\/uploads\/2025\/12\/webclip.png\",\"contentUrl\":\"https:\/\/quintadascarvalhas.pt\/wp-content\/uploads\/2025\/12\/webclip.png\",\"width\":256,\"height\":256,\"caption\":\"Quinta das Carvalhas\"},\"image\":{\"@id\":\"https:\/\/quintadascarvalhas.pt\/#\/schema\/logo\/image\/\"},\"sameAs\":[\"https:\/\/www.facebook.com\/quintadascarvalhasdouro\/\",\"https:\/\/www.instagram.com\/quintadascarvalhas\/\",\"https:\/\/www.youtube.com\/@quintadascarvalhas\"]}]}<\/script>\n<!-- \/ Yoast SEO plugin. -->","yoast_head_json":{"title":"Pol\u00edtica de Privacidade - Quinta das Carvalhas","robots":{"index":"index","follow":"follow","max-snippet":"max-snippet:-1","max-image-preview":"max-image-preview:large","max-video-preview":"max-video-preview:-1"},"canonical":"https:\/\/quintadascarvalhas.pt\/en\/politica-de-privacidade\/","og_locale":"en_US","og_type":"article","og_title":"Pol\u00edtica de Privacidade - Quinta das Carvalhas","og_description":"Pol\u00edtica de Privacidade e Cookies Os seus dados pessoais ser\u00e3o tratados na qualidade de cotitulares do tratamento pelas seguintes sociedades:\u2022 Companhia Geral da Agricultura das Vinhas do Alto Douro, S.A., com sede na Rua Azevedo de Magalh\u00e3es, n.\u00ba 314, 4430-022 Vila Nova de Gaia,\u2022 Real Companhia Velha \u2013 Atividades Tur\u00edsticas, Lda., com sede na Rua [&hellip;]","og_url":"https:\/\/quintadascarvalhas.pt\/en\/politica-de-privacidade\/","og_site_name":"Quinta das Carvalhas","article_publisher":"https:\/\/www.facebook.com\/quintadascarvalhasdouro\/","article_modified_time":"2025-11-24T12:39:28+00:00","twitter_card":"summary_large_image","twitter_misc":{"Est. reading time":"4 minutes"},"schema":{"@context":"https:\/\/schema.org","@graph":[{"@type":"WebPage","@id":"https:\/\/quintadascarvalhas.pt\/politica-de-privacidade\/","url":"https:\/\/quintadascarvalhas.pt\/politica-de-privacidade\/","name":"Pol\u00edtica de Privacidade - Quinta das Carvalhas","isPartOf":{"@id":"https:\/\/quintadascarvalhas.pt\/#website"},"datePublished":"2025-11-11T14:48:16+00:00","dateModified":"2025-11-24T12:39:28+00:00","breadcrumb":{"@id":"https:\/\/quintadascarvalhas.pt\/politica-de-privacidade\/#breadcrumb"},"inLanguage":"en-US","potentialAction":[{"@type":"ReadAction","target":["https:\/\/quintadascarvalhas.pt\/politica-de-privacidade\/"]}]},{"@type":"BreadcrumbList","@id":"https:\/\/quintadascarvalhas.pt\/politica-de-privacidade\/#breadcrumb","itemListElement":[{"@type":"ListItem","position":1,"name":"In\u00edcio","item":"https:\/\/quintadascarvalhas.pt\/"},{"@type":"ListItem","position":2,"name":"Pol\u00edtica de Privacidade"}]},{"@type":"WebSite","@id":"https:\/\/quintadascarvalhas.pt\/#website","url":"https:\/\/quintadascarvalhas.pt\/","name":"Quinta das Carvalhas","description":"","publisher":{"@id":"https:\/\/quintadascarvalhas.pt\/#organization"},"potentialAction":[{"@type":"SearchAction","target":{"@type":"EntryPoint","urlTemplate":"https:\/\/quintadascarvalhas.pt\/?s={search_term_string}"},"query-input":{"@type":"PropertyValueSpecification","valueRequired":true,"valueName":"search_term_string"}}],"inLanguage":"en-US"},{"@type":"Organization","@id":"https:\/\/quintadascarvalhas.pt\/#organization","name":"Quinta das Carvalhas","url":"https:\/\/quintadascarvalhas.pt\/","logo":{"@type":"ImageObject","inLanguage":"en-US","@id":"https:\/\/quintadascarvalhas.pt\/#\/schema\/logo\/image\/","url":"https:\/\/quintadascarvalhas.pt\/wp-content\/uploads\/2025\/12\/webclip.png","contentUrl":"https:\/\/quintadascarvalhas.pt\/wp-content\/uploads\/2025\/12\/webclip.png","width":256,"height":256,"caption":"Quinta das Carvalhas"},"image":{"@id":"https:\/\/quintadascarvalhas.pt\/#\/schema\/logo\/image\/"},"sameAs":["https:\/\/www.facebook.com\/quintadascarvalhasdouro\/","https:\/\/www.instagram.com\/quintadascarvalhas\/","https:\/\/www.youtube.com\/@quintadascarvalhas"]}]}},"_links":{"self":[{"href":"https:\/\/quintadascarvalhas.pt\/en\/wp-json\/wp\/v2\/pages\/3","targetHints":{"allow":["GET"]}}],"collection":[{"href":"https:\/\/quintadascarvalhas.pt\/en\/wp-json\/wp\/v2\/pages"}],"about":[{"href":"https:\/\/quintadascarvalhas.pt\/en\/wp-json\/wp\/v2\/types\/page"}],"author":[{"embeddable":true,"href":"https:\/\/quintadascarvalhas.pt\/en\/wp-json\/wp\/v2\/users\/1"}],"replies":[{"embeddable":true,"href":"https:\/\/quintadascarvalhas.pt\/en\/wp-json\/wp\/v2\/comments?post=3"}],"version-history":[{"count":0,"href":"https:\/\/quintadascarvalhas.pt\/en\/wp-json\/wp\/v2\/pages\/3\/revisions"}],"wp:attachment":[{"href":"https:\/\/quintadascarvalhas.pt\/en\/wp-json\/wp\/v2\/media?parent=3"}],"curies":[{"name":"wp","href":"https:\/\/api.w.org\/{rel}","templated":true}]}}